{"id":6,"date":"2015-11-19T10:13:59","date_gmt":"2015-11-19T09:13:59","guid":{"rendered":"http:\/\/lmkenergy.microproxy.fr\/?page_id=6"},"modified":"2024-07-01T12:39:17","modified_gmt":"2024-07-01T11:39:17","slug":"accueil","status":"publish","type":"page","link":"https:\/\/www.lmk-energy.fr\/en\/","title":{"rendered":"Welcome"},"content":{"rendered":"<p>[vc_row equal_height=&#8221;yes&#8221; content_placement=&#8221;middle&#8221;][vc_column width=&#8221;1\/2&#8243;][vc_row_inner equal_height=&#8221;yes&#8221; content_placement=&#8221;middle&#8221; css=&#8221;.vc_custom_1493124929655{padding-top: 30px !important;padding-right: 30px !important;padding-bottom: 30px !important;padding-left: 30px !important;background-image: url(http:\/\/www.lmk-energy.fr\/wp-content\/uploads\/2015\/11\/20170310_102809.jpg?id=411) !important;background-position: center !important;background-repeat: no-repeat !important;background-size: cover !important;}&#8221; animation_type=&#8221;slideInLeft&#8221;][vc_column_inner el_class=&#8221;bloc_1&#8243; css=&#8221;.vc_custom_1490174859391{background-color: rgba(255,255,255,0.5) !important;*background-color: rgb(255,255,255) !important;}&#8221;][vc_empty_space height=&#8221;100px&#8221;][vc_custom_heading text=&#8221;<strong>The roasting process<\/strong>&#8221; font_container=&#8221;tag:h2|font_size:32px|text_align:center|color:%23000000&#8243; use_theme_fonts=&#8221;yes&#8221; link=&#8221;|||&#8221; css=&#8221;.vc_custom_1496828625702{margin-top: 15px !important;}&#8221;][vc_column_text css=&#8221;.vc_custom_1496828600333{margin-bottom: 15px !important;}&#8221;]<\/p>\n<p style=\"text-align: center; font-size: 20px; color: #000;\"><i>Global innovation<\/i><\/p>\n<p>[\/vc_column_text][vc_column_text css=&#8221;.vc_custom_1496828679396{margin-bottom: 15px !important;}&#8221;]<\/p>\n<p style=\"text-align: center; font-size: 20px; color: #000;\"><i>Patented and exclusive process<\/i><\/p>\n<p>[\/vc_column_text][\/vc_column_inner][\/vc_row_inner][\/vc_column][vc_column width=&#8221;1\/2&#8243;][vc_row_inner css=&#8221;.vc_custom_1493125191865{padding-top: 30px !important;padding-right: 30px !important;padding-bottom: 30px !important;padding-left: 30px !important;background-image: url(http:\/\/www.lmk-energy.fr\/wp-content\/uploads\/2015\/11\/paillage.jpg?id=416) !important;background-position: center !important;background-repeat: no-repeat !important;background-size: cover !important;}&#8221; animation_type=&#8221;slideInRight&#8221;][vc_column_inner css=&#8221;.vc_custom_1490173201513{background-color: rgba(255,255,255,0.5) !important;*background-color: rgb(255,255,255) !important;}&#8221;][vc_custom_heading text=&#8221;<strong>Mulching<\/strong>&#8221; font_container=&#8221;tag:h2|font_size:32px|text_align:center|color:%23000000&#8243; use_theme_fonts=&#8221;yes&#8221; link=&#8221;|||&#8221; css=&#8221;.vc_custom_1496828653661{margin-top: 15px !important;}&#8221;][vc_column_text css=&#8221;.vc_custom_1496828734242{margin-bottom: 15px !important;}&#8221;]<\/p>\n<p style=\"text-align: center; font-size: 20px; color: #000;\"><i>Roasted mulching<br \/>\nIn bulk or bag<\/i><\/p>\n<p>[\/vc_column_text][\/vc_column_inner][\/vc_row_inner][vc_row_inner css=&#8221;.vc_custom_1508317494733{padding-top: 30px !important;padding-right: 30px !important;padding-bottom: 30px !important;padding-left: 30px !important;background-image: url(http:\/\/www.lmk-energy.fr\/wp-content\/uploads\/2015\/11\/pellets-feuille-2.jpg?id=189) !important;background-position: center !important;background-repeat: no-repeat !important;background-size: cover !important;}&#8221; animation_type=&#8221;slideInRight&#8221;][vc_column_inner css=&#8221;.vc_custom_1490173201513{background-color: rgba(255,255,255,0.5) !important;*background-color: rgb(255,255,255) !important;}&#8221;][vc_custom_heading text=&#8221;<strong>Our Heating Products<\/strong>&#8221; font_container=&#8221;tag:h2|font_size:32px|text_align:center|color:%23000000&#8243; use_theme_fonts=&#8221;yes&#8221; link=&#8221;|||&#8221; css=&#8221;.vc_custom_1496828756566{margin-top: 15px !important;}&#8221;][vc_column_text css=&#8221;.vc_custom_1508317276662{margin-bottom: 15px !important;}&#8221;]<\/p>\n<ul style=\"color: #000; font-size: 20px;\">\n<li><i><a style=\"color: #000; font-size: 20px;\" title=\"Torrefied wood log\" href=\"https:\/\/www.lmk-energy.fr\/en\/nos-produits\/buche-de-bois-densifie\/\">Torrefied wood log<\/a><\/i><\/li>\n<li><i><a style=\"color: #000; font-size: 20px;\" title=\"Roasted Pellet (biomass)\" href=\"https:\/\/www.lmk-energy.fr\/en\/nos-produits\/le-biocoal\/\">Roasted Pellet (biomass)<\/a><\/i><\/li>\n<li><i><a style=\"color: #000; font-size: 20px;\" title=\"Pellet\" href=\"https:\/\/www.lmk-energy.fr\/en\/nos-produits\/pellets\/\">Pellet<\/a><\/i><\/li>\n<li><i><a style=\"color: #000; font-size: 20px;\" title=\"Densified wood log\" href=\"https:\/\/www.lmk-energy.fr\/en\/nos-produits\/buche-de-bois-densifie\/\">Densified wood log<\/a><\/i><\/li>\n<li><i><a style=\"color: #000; font-size: 20px;\" title=\"Densified wood log for long duration\" href=\"https:\/\/www.lmk-energy.fr\/en\/nos-produits\/buche-de-bois-densifie\/\">Densified wood log for long duration<\/a><\/i><\/li>\n<\/ul>\n<p>[\/vc_column_text][\/vc_column_inner][\/vc_row_inner][\/vc_column][\/vc_row][vc_row][vc_column][\/vc_column][\/vc_row][vc_row text_align=&#8221;center&#8221;][vc_column][vc_row_inner][vc_column_inner][vc_column_text]<\/p>\n<p>[\/vc_column_text][vc_column_text]<\/p>\n<h1 style=\"text-align: center;\">The\u00a0BIOCOAL, THE GREEN COAL<\/h1>\n<p>[\/vc_column_text][vc_text_separator title=&#8221;Non-edible biomass, an energy resource with high potential&#8221; border_width=&#8221;2&#8243;][vc_column_text]<\/p>\n<p>[\/vc_column_text][\/vc_column_inner][\/vc_row_inner][vc_row_inner][vc_column_inner width=&#8221;1\/2&#8243;][vc_single_image image=&#8221;170&#8243; img_size=&#8221;large&#8221; alignment=&#8221;center&#8221; css_animation=&#8221;left-to-right&#8221; css=&#8221;.vc_custom_1493716035996{margin-top: 30px !important;padding-top: 10px !important;padding-bottom: 10px !important;}&#8221;][\/vc_column_inner][vc_column_inner width=&#8221;1\/2&#8243;][vc_column_text]The objective of France following the COP21 is <strong>32% renewable energies in 2030<\/strong>. Nice commitment but difficult to maintain knowing that the share of renewable in France is <strong>14% in 2016<\/strong>. In addition of, wind , Geothermal, solar, hydraulic, <strong>biomass energy<\/strong> still have a long way to go to achieve the objectives. In addition, <strong>pollution control standards<\/strong> for coal-fired power plants and boilers will become increasingly demanding and, more generally, the dependence of European countries on coal is controversial for many years to come. It is within this framework that the approach and the solutions provided by the company LMK Energy are inscribed.<\/p>\n<p style=\"text-align: justify;\"><strong>Non-edible biomass, comprising all the lignocellulosic materials, wood, straw, agricultural waste<\/strong> (walnut shells, olive pomace, etc.), has a <strong>very important global energy potential<\/strong>. Bioenergy could produce almost half of the world&#8217;s energy needs. Unfortunately, in the raw state, biomass contains a high proportion of water, which varies according to its nature. This presence of water generates numerous constraints in the biomass value chain and affects its profitability. Its use in the combustion centers of thermal power stations or industrial boilers requires expensive installations and permanent maintenance. Its transport is also problematic and requires transformation steps or a proximity between the place of origin and valorisation.<\/p>\n<p>[\/vc_column_text][\/vc_column_inner][\/vc_row_inner][vc_row_inner][vc_column_inner][vc_column_text]<\/p>\n<p>[\/vc_column_text][vc_text_separator title=&#8221;The solution brought by the LMK Energy roasting process&#8221; border_width=&#8221;2&#8243;][vc_column_text]<\/p>\n<p>[\/vc_column_text][\/vc_column_inner][\/vc_row_inner][vc_row_inner][vc_column_inner width=&#8221;1\/2&#8243;][vc_single_image image=&#8221;79&#8243; img_size=&#8221;large&#8221; alignment=&#8221;center&#8221; css_animation=&#8221;left-to-right&#8221;][\/vc_column_inner][vc_column_inner width=&#8221;1\/2&#8243;][vc_column_text]<br \/>\nAfter 5 years of R&#038;D and significant investments, LMK Energy has successfully developed advanced, tested and proven technology.<\/p>\n<p>Roasting significantly reduces the costs of processing, transporting and exploiting biomass while increasing energy yields.<\/p>\n<p>The roasting process used by LMK Energy consists in heating all the biomass by a &#8220;soft&#8221; heat treatment (distillation) in order to eliminate the water and to break the fibers. The roasting process dries the biomass, irreversibly hydrophobizes it, breaks its structure and concentrates its energy potential.[\/vc_column_text][vc_single_image image=&#8221;203&#8243;][\/vc_column_inner][\/vc_row_inner][vc_column_text]<br \/>\nWith woods respecting European standards, LMK Energy is opening up more and more to conquer the market with quality partners. And you, when will you join LMK Energy in its conquest?[\/vc_column_text][vc_video link=&#8221;https:\/\/youtu.be\/fRVrEMcbLoM&#8221;][\/vc_column][\/vc_row][vc_row full_width=&#8221;stretch_row&#8221; is_section=&#8221;yes&#8221; css=&#8221;.vc_custom_1449496713071{background-color: #f2f2f2 !important;}&#8221;][vc_column][vc_row_inner][vc_column_inner][vc_column_text]<\/p>\n<p>[\/vc_column_text][vc_text_separator title=&#8221;Our products&#8221; border_width=&#8221;2&#8243;][vc_column_text]<\/p>\n<p>[\/vc_column_text][\/vc_column_inner][\/vc_row_inner][vc_row_inner][vc_column_inner width=&#8221;1\/3&#8243;][vc_single_image image=&#8221;451&#8243; img_size=&#8221;full&#8221; alignment=&#8221;center&#8221; style=&#8221;vc_box_outline&#8221; onclick=&#8221;custom_link&#8221; css_animation=&#8221;none&#8221; link=&#8221;http:\/\/www.lmk-energy.fr\/le-paillage-torrefie\/&#8221;][vc_column_text]<\/p>\n<p style=\"text-align: center;\">Torrefied mulching<\/p>\n<p>[\/vc_column_text][\/vc_column_inner][vc_column_inner width=&#8221;1\/3&#8243;][vc_single_image image=&#8221;454&#8243; img_size=&#8221;full&#8221; alignment=&#8221;center&#8221; style=&#8221;vc_box_outline&#8221; onclick=&#8221;custom_link&#8221;][vc_column_text]<\/p>\n<p style=\"text-align: center;\">Torrefied\u00a0wood log<\/p>\n<p>[\/vc_column_text][\/vc_column_inner][vc_column_inner width=&#8221;1\/3&#8243;][vc_single_image image=&#8221;456&#8243; img_size=&#8221;full&#8221; alignment=&#8221;center&#8221; style=&#8221;vc_box_outline&#8221; onclick=&#8221;custom_link&#8221; link=&#8221;http:\/\/www.lmk-energy.fr\/nos-produits\/le-biocoal\/&#8221;][vc_column_text]<\/p>\n<p style=\"text-align: center;\">Biomass \/ Roasted pellet<\/p>\n<p>[\/vc_column_text][\/vc_column_inner][\/vc_row_inner][\/vc_column][\/vc_row][vc_row][vc_column][vc_column_text]<\/p>\n<p>[\/vc_column_text][vc_text_separator title=&#8221;Our actuality&#8221; border_width=&#8221;2&#8243;][vc_column_text]<\/p>\n<p>[\/vc_column_text]<div class=\"porto-recent-posts wpb_content_element \">    <div class=\"row\">\n        <div class=\"post-carousel owl-carousel\" data-cols-lg=\"3\" data-cols-md=\"3\" data-cols-sm=\"2\">\n            <div class=\"post-slide\">    <div class=\"post-item\">\n                <div class=\"post-date\">\n                <span class=\"day\">15<\/span>\n    <span class=\"month\">Jun<\/span>\n            <\/div>\n        <h4>\n            <a href=\"https:\/\/www.lmk-energy.fr\/en\/lmk-energy-recoit-rev3-fer-de-lance-de-la-region-haut-de-france\/\">LMK Energy re\u00e7oit REV3, fer de lance de la R\u00e9gion Haut de France<\/a>\n        <\/h4>\n        <p class=\"post-excerpt\">\n\n\n\n\nLe 15\/06\/2022, LMK Energy a accueillis un \u00e9v\u00e8nement Rev3, en pr\u00e9sence de Frederic Motte, Pr\u00e9sident la mission rev3 R\u00e9gion...  <a class=\"read-more\" href=\"https:\/\/www.lmk-energy.fr\/en\/lmk-energy-recoit-rev3-fer-de-lance-de-la-region-haut-de-france\/\">read more <i class=\"fa fa-angle-right\"><\/i><\/a><\/p>    <\/div>\n<\/div><div class=\"post-slide\">    <div class=\"post-item\">\n                    <div class=\"post-image thumbnail\">\n                <div class=\"thumb-info\">\n                    <a href=\"https:\/\/www.lmk-energy.fr\/en\/on-parle-de-site-magasine-bioenergie-international\/\">\n                        <img class=\"img-responsive\" width=\"450\" height=\"231\" src=\"https:\/\/www.lmk-energy.fr\/wp-content\/uploads\/2016\/07\/biocoal1-450x231.jpg\" alt=\"bois \u00e9cologique\" data-image=\"https:\/\/www.lmk-energy.fr\/wp-content\/uploads\/2016\/07\/biocoal1.jpg\" data-caption=\"\" \/>\n                    <\/a>\n                                            <span class=\"zoom\"><i class=\"fa fa-search\"><\/i><\/span>\n                                    <\/div>\n            <\/div>\n                <div class=\"post-date\">\n                <span class=\"day\">01<\/span>\n    <span class=\"month\">Feb<\/span>\n            <\/div>\n        <h4>\n            <a href=\"https:\/\/www.lmk-energy.fr\/en\/on-parle-de-site-magasine-bioenergie-international\/\">On parle de nous sur le site du magasine Bioenergie international<\/a>\n        <\/h4>\n        <p class=\"post-excerpt\">Venez d\u00e9couvir l'ensemble des informations sur la soci\u00e9t\u00e9 ainsi que sur notre nouveau proc\u00e9d\u00e9 pour un chauffage efficace et...  <a class=\"read-more\" href=\"https:\/\/www.lmk-energy.fr\/en\/on-parle-de-site-magasine-bioenergie-international\/\">read more <i class=\"fa fa-angle-right\"><\/i><\/a><\/p>    <\/div>\n<\/div><div class=\"post-slide\">    <div class=\"post-item\">\n                    <div class=\"post-image thumbnail\">\n                <div class=\"thumb-info\">\n                    <a href=\"https:\/\/www.lmk-energy.fr\/en\/petite-anecdote-historique-lmk-energy\/\">\n                        <img class=\"img-responsive\" width=\"450\" height=\"231\" src=\"https:\/\/www.lmk-energy.fr\/wp-content\/uploads\/2017\/10\/Mineur_degaulle_mazingarbe-450x231.jpg\" alt=\"\" data-image=\"https:\/\/www.lmk-energy.fr\/wp-content\/uploads\/2017\/10\/Mineur_degaulle_mazingarbe.jpg\" data-caption=\"\" \/>\n                    <\/a>\n                                            <span class=\"zoom\"><i class=\"fa fa-search\"><\/i><\/span>\n                                    <\/div>\n            <\/div>\n                <div class=\"post-date\">\n                <span class=\"day\">26<\/span>\n    <span class=\"month\">Oct<\/span>\n            <\/div>\n        <h4>\n            <a href=\"https:\/\/www.lmk-energy.fr\/en\/petite-anecdote-historique-lmk-energy\/\">Petite anecdote historique sur LMK Energy<\/a>\n        <\/h4>\n        <p class=\"post-excerpt\">En avril 1966, le g\u00e9n\u00e9ral De Gaulle vient inaugurer un tout nouveau complexe de production d\u2019eau lourde sur le...  <a class=\"read-more\" href=\"https:\/\/www.lmk-energy.fr\/en\/petite-anecdote-historique-lmk-energy\/\">read more <i class=\"fa fa-angle-right\"><\/i><\/a><\/p>    <\/div>\n<\/div>        <\/div>\n    <\/div>\n    <\/div>[\/vc_column][\/vc_row][vc_row][vc_column][\/vc_column][\/vc_row]<\/p>\n","protected":false},"excerpt":{"rendered":"<p>[vc_row equal_height=&#8221;yes&#8221; content_placement=&#8221;middle&#8221;][vc_column width=&#8221;1\/2&#8243;][vc_row_inner equal_height=&#8221;yes&#8221; content_placement=&#8221;middle&#8221; css=&#8221;.vc_custom_1493124929655{padding-top: 30px !important;padding-right: 30px !important;padding-bottom: 30px !important;padding-left: 30px !important;background-image: url(http:\/\/www.lmk-energy.fr\/wp-content\/uploads\/2015\/11\/20170310_102809.jpg?id=411) !important;background-position: center !important;background-repeat: no-repeat !important;background-size: cover !important;}&#8221; animation_type=&#8221;slideInLeft&#8221;][vc_column_inner el_class=&#8221;bloc_1&#8243; css=&#8221;.vc_custom_1490174859391{background-color: rgba(255,255,255,0.5) !important;*background-color: rgb(255,255,255) !important;}&#8221;][vc_empty_space height=&#8221;100px&#8221;][vc_custom_heading text=&#8221;The roasting process&#8221; font_container=&#8221;tag:h2|font_size:32px|text_align:center|color:%23000000&#8243; use_theme_fonts=&#8221;yes&#8221; link=&#8221;|||&#8221; css=&#8221;.vc_custom_1496828625702{margin-top: 15px !important;}&#8221;][vc_column_text css=&#8221;.vc_custom_1496828600333{margin-bottom: 15px !important;}&#8221;] Global innovation [\/vc_column_text][vc_column_text css=&#8221;.vc_custom_1496828679396{margin-bottom: 15px !important;}&#8221;] Patented and exclusive process [\/vc_column_text][\/vc_column_inner][\/vc_row_inner][\/vc_column][vc_column width=&#8221;1\/2&#8243;][vc_row_inner [&hellip;]<\/p>\n","protected":false},"author":1,"featured_media":0,"parent":0,"menu_order":0,"comment_status":"closed","ping_status":"closed","template":"","meta":[],"translation":{"provider":"WPGlobus","version":"3.0.1","language":"en","enabled_languages":["fr","en"],"languages":{"fr":{"title":true,"content":true,"excerpt":false},"en":{"title":true,"content":true,"excerpt":false}}},"yoast_head":"<!-- This site is optimized with the Yoast SEO plugin v20.4 - https:\/\/yoast.com\/wordpress\/plugins\/seo\/ -->\n<title>Manufacturer and distributor of fuelwood | Lmk Energy<\/title>\n<meta name=\"robots\" content=\"index, follow, max-snippet:-1, max-image-preview:large, max-video-preview:-1\" \/>\n<link rel=\"canonical\" href=\"https:\/\/www.lmk-energy.fr\/\" \/>\n<meta property=\"og:locale\" content=\"en_US\" \/>\n<meta property=\"og:type\" content=\"article\" \/>\n<meta property=\"og:title\" content=\"{:fr}Fabriquant et distributeur de bois de chauffage | Lmk Energy{:}{:en}Manufacturer and distributor of fuelwood | Lmk Energy{:}\" \/>\n<meta property=\"og:url\" content=\"https:\/\/www.lmk-energy.fr\/\" \/>\n<meta property=\"og:site_name\" content=\"LMK Energy\" \/>\n<meta property=\"article:modified_time\" content=\"2024-07-01T11:39:17+00:00\" \/>\n<meta name=\"twitter:card\" content=\"summary_large_image\" \/>\n<meta name=\"twitter:label1\" content=\"Est. reading time\" \/>\n\t<meta name=\"twitter:data1\" content=\"7 minutes\" \/>\n<script type=\"application\/ld+json\" class=\"yoast-schema-graph\">{\"@context\":\"https:\/\/schema.org\",\"@graph\":[{\"@type\":\"WebPage\",\"@id\":\"https:\/\/www.lmk-energy.fr\/\",\"url\":\"https:\/\/www.lmk-energy.fr\/\",\"name\":\"Fabriquant et distributeur de bois de chauffage | Lmk Energy\",\"isPartOf\":{\"@id\":\"https:\/\/www.lmk-energy.fr\/#website\"},\"datePublished\":\"2015-11-19T09:13:59+00:00\",\"dateModified\":\"2024-07-01T11:39:17+00:00\",\"description\":\"LMK Energy fabrique lui m\u00eame ses b\u00fbches de bois densifi\u00e9es et son pellet pour garantir une efficacit\u00e9 optimale. 100% bois sans produit ajout\u00e9s, \u00e9cologique\",\"breadcrumb\":{\"@id\":\"https:\/\/www.lmk-energy.fr\/#breadcrumb\"},\"inLanguage\":\"en-US\",\"potentialAction\":[{\"@type\":\"ReadAction\",\"target\":[\"https:\/\/www.lmk-energy.fr\/\"]}]},{\"@type\":\"BreadcrumbList\",\"@id\":\"https:\/\/www.lmk-energy.fr\/#breadcrumb\",\"itemListElement\":[{\"@type\":\"ListItem\",\"position\":1,\"name\":\"Accueil\",\"item\":\"https:\/\/www.lmk-energy.fr\/\"},{\"@type\":\"ListItem\",\"position\":2,\"name\":\"Accueil\"}]},{\"@type\":\"WebSite\",\"@id\":\"https:\/\/www.lmk-energy.fr\/#website\",\"url\":\"https:\/\/www.lmk-energy.fr\/\",\"name\":\"LMK Energy\",\"description\":\"Producer and owner of biomass roasting technology\",\"potentialAction\":[{\"@type\":\"SearchAction\",\"target\":{\"@type\":\"EntryPoint\",\"urlTemplate\":\"https:\/\/www.lmk-energy.fr\/?s={search_term_string}\"},\"query-input\":\"required name=search_term_string\"}],\"inLanguage\":\"en-US\"}]}<\/script>\n<!-- \/ Yoast SEO plugin. -->","yoast_head_json":{"title":"Manufacturer and distributor of fuelwood | Lmk Energy","robots":{"index":"index","follow":"follow","max-snippet":"max-snippet:-1","max-image-preview":"max-image-preview:large","max-video-preview":"max-video-preview:-1"},"canonical":"https:\/\/www.lmk-energy.fr\/","og_locale":"en_US","og_type":"article","og_title":"{:fr}Fabriquant et distributeur de bois de chauffage | Lmk Energy{:}{:en}Manufacturer and distributor of fuelwood | Lmk Energy{:}","og_url":"https:\/\/www.lmk-energy.fr\/","og_site_name":"LMK Energy","article_modified_time":"2024-07-01T11:39:17+00:00","twitter_card":"summary_large_image","twitter_misc":{"Est. reading time":"7 minutes"},"schema":{"@context":"https:\/\/schema.org","@graph":[{"@type":"WebPage","@id":"https:\/\/www.lmk-energy.fr\/","url":"https:\/\/www.lmk-energy.fr\/","name":"Fabriquant et distributeur de bois de chauffage | Lmk Energy","isPartOf":{"@id":"https:\/\/www.lmk-energy.fr\/#website"},"datePublished":"2015-11-19T09:13:59+00:00","dateModified":"2024-07-01T11:39:17+00:00","description":"LMK Energy fabrique lui m\u00eame ses b\u00fbches de bois densifi\u00e9es et son pellet pour garantir une efficacit\u00e9 optimale. 100% bois sans produit ajout\u00e9s, \u00e9cologique","breadcrumb":{"@id":"https:\/\/www.lmk-energy.fr\/#breadcrumb"},"inLanguage":"en-US","potentialAction":[{"@type":"ReadAction","target":["https:\/\/www.lmk-energy.fr\/"]}]},{"@type":"BreadcrumbList","@id":"https:\/\/www.lmk-energy.fr\/#breadcrumb","itemListElement":[{"@type":"ListItem","position":1,"name":"Accueil","item":"https:\/\/www.lmk-energy.fr\/"},{"@type":"ListItem","position":2,"name":"Accueil"}]},{"@type":"WebSite","@id":"https:\/\/www.lmk-energy.fr\/#website","url":"https:\/\/www.lmk-energy.fr\/","name":"LMK Energy","description":"Producer and owner of biomass roasting technology","potentialAction":[{"@type":"SearchAction","target":{"@type":"EntryPoint","urlTemplate":"https:\/\/www.lmk-energy.fr\/?s={search_term_string}"},"query-input":"required name=search_term_string"}],"inLanguage":"en-US"}]}},"_links":{"self":[{"href":"https:\/\/www.lmk-energy.fr\/en\/wp-json\/wp\/v2\/pages\/6"}],"collection":[{"href":"https:\/\/www.lmk-energy.fr\/en\/wp-json\/wp\/v2\/pages"}],"about":[{"href":"https:\/\/www.lmk-energy.fr\/en\/wp-json\/wp\/v2\/types\/page"}],"author":[{"embeddable":true,"href":"https:\/\/www.lmk-energy.fr\/en\/wp-json\/wp\/v2\/users\/1"}],"replies":[{"embeddable":true,"href":"https:\/\/www.lmk-energy.fr\/en\/wp-json\/wp\/v2\/comments?post=6"}],"version-history":[{"count":114,"href":"https:\/\/www.lmk-energy.fr\/en\/wp-json\/wp\/v2\/pages\/6\/revisions"}],"predecessor-version":[{"id":610,"href":"https:\/\/www.lmk-energy.fr\/en\/wp-json\/wp\/v2\/pages\/6\/revisions\/610"}],"wp:attachment":[{"href":"https:\/\/www.lmk-energy.fr\/en\/wp-json\/wp\/v2\/media?parent=6"}],"curies":[{"name":"wp","href":"https:\/\/api.w.org\/{rel}","templated":true}]}}