{"id":537,"date":"2021-03-22T15:56:40","date_gmt":"2021-03-22T14:56:40","guid":{"rendered":"http:\/\/www.lmk-energy.fr\/?page_id=537"},"modified":"2021-03-22T18:06:17","modified_gmt":"2021-03-22T17:06:17","slug":"bois-de-chauffage","status":"publish","type":"page","link":"https:\/\/www.lmk-energy.fr\/en\/nos-produits\/bois-de-chauffage\/","title":{"rendered":"Firewood"},"content":{"rendered":"\n<div class=\"wp-block-media-text alignwide\"><figure class=\"wp-block-media-text__media\"><img decoding=\"async\" loading=\"lazy\" width=\"636\" height=\"1024\" src=\"http:\/\/www.lmk-energy.fr\/wp-content\/uploads\/2021\/03\/BOX2m350-2-636x1024.jpg\" alt=\"\" class=\"wp-image-542\" srcset=\"https:\/\/www.lmk-energy.fr\/wp-content\/uploads\/2021\/03\/BOX2m350-2-636x1024.jpg 636w, https:\/\/www.lmk-energy.fr\/wp-content\/uploads\/2021\/03\/BOX2m350-2-186x300.jpg 186w, https:\/\/www.lmk-energy.fr\/wp-content\/uploads\/2021\/03\/BOX2m350-2-768x1237.jpg 768w, https:\/\/www.lmk-energy.fr\/wp-content\/uploads\/2021\/03\/BOX2m350-2-600x967.jpg 600w, https:\/\/www.lmk-energy.fr\/wp-content\/uploads\/2021\/03\/BOX2m350-2.jpg 1728w\" sizes=\"(max-width: 636px) 100vw, 636px\" \/><\/figure><div class=\"wp-block-media-text__content\">\n<p class=\"has-large-font-size\">Box de bois dur :<\/p>\n\n\n\n<ul><li>Notre bois de chauffage provient des Ardennes Belges et Fran\u00e7aises. Nous s\u00e9lectionnons uniquement des essences de bois dur comme du Ch\u00eanes, Fr\u00eanes, Charmes ou H\u00eatres.<\/li><li>Le bois est s\u00e9ch\u00e9 naturellement puis coup\u00e9 et fendu.<\/li><li>Le bois est rang\u00e9 manuellement dans des box de 1 ou 2 m3<\/li><\/ul>\n<\/div><\/div>\n\n\n\n<figure class=\"wp-block-image\"><img alt=\"\"\/><\/figure>\n\n\n\n<div class=\"wp-block-media-text alignwide\"><figure class=\"wp-block-media-text__media\"><img decoding=\"async\" loading=\"lazy\" width=\"625\" height=\"1024\" src=\"http:\/\/www.lmk-energy.fr\/wp-content\/uploads\/2021\/03\/Bois-dAllumage-625x1024.jpg\" alt=\"\" class=\"wp-image-546\" srcset=\"https:\/\/www.lmk-energy.fr\/wp-content\/uploads\/2021\/03\/Bois-dAllumage-625x1024.jpg 625w, https:\/\/www.lmk-energy.fr\/wp-content\/uploads\/2021\/03\/Bois-dAllumage-183x300.jpg 183w, https:\/\/www.lmk-energy.fr\/wp-content\/uploads\/2021\/03\/Bois-dAllumage-768x1259.jpg 768w, https:\/\/www.lmk-energy.fr\/wp-content\/uploads\/2021\/03\/Bois-dAllumage-600x983.jpg 600w, https:\/\/www.lmk-energy.fr\/wp-content\/uploads\/2021\/03\/Bois-dAllumage.jpg 1968w\" sizes=\"(max-width: 625px) 100vw, 625px\" \/><\/figure><div class=\"wp-block-media-text__content\">\n<p class=\"has-large-font-size\">Bois d&#8217;allumage :<\/p>\n\n\n\n<ul><li>Le bois d&#8217;allumage est fabriqu\u00e9 \u00e0 partir de bois r\u00e9sineux s\u00e9ch\u00e9 naturellement.<\/li><li>Coup\u00e9 en morceaux de 10 cm et fendu et conditionn\u00e9 en sac \u00e0 la main.<\/li><\/ul>\n<\/div><\/div>\n","protected":false},"excerpt":{"rendered":"<p>Box de bois dur : Notre bois de chauffage provient des Ardennes Belges et Fran\u00e7aises. Nous s\u00e9lectionnons uniquement des essences de bois dur comme du Ch\u00eanes, Fr\u00eanes, Charmes ou H\u00eatres. Le bois est s\u00e9ch\u00e9 naturellement puis coup\u00e9 et fendu. Le bois est rang\u00e9 manuellement dans des box de 1 ou 2 m3 Bois d&#8217;allumage : [&hellip;]<\/p>\n","protected":false},"author":1,"featured_media":0,"parent":66,"menu_order":3,"comment_status":"closed","ping_status":"closed","template":"","meta":[],"translation":{"provider":"WPGlobus","version":"3.0.1","language":"en","enabled_languages":["fr","en"],"languages":{"fr":{"title":true,"content":true,"excerpt":false},"en":{"title":true,"content":false,"excerpt":false}}},"yoast_head":"<!-- This site is optimized with the Yoast SEO plugin v20.4 - https:\/\/yoast.com\/wordpress\/plugins\/seo\/ -->\n<title>Firewood - LMK Energy<\/title>\n<meta name=\"robots\" content=\"index, follow, max-snippet:-1, max-image-preview:large, max-video-preview:-1\" \/>\n<link rel=\"canonical\" href=\"https:\/\/www.lmk-energy.fr\/nos-produits\/bois-de-chauffage\/\" \/>\n<meta property=\"og:locale\" content=\"en_US\" \/>\n<meta property=\"og:type\" content=\"article\" \/>\n<meta property=\"og:title\" content=\"Firewood - LMK Energy\" \/>\n<meta property=\"og:url\" content=\"https:\/\/www.lmk-energy.fr\/nos-produits\/bois-de-chauffage\/\" \/>\n<meta property=\"og:site_name\" content=\"LMK Energy\" \/>\n<meta property=\"article:modified_time\" content=\"2021-03-22T17:06:17+00:00\" \/>\n<meta property=\"og:image\" content=\"http:\/\/www.lmk-energy.fr\/wp-content\/uploads\/2021\/03\/BOX2m350-2-636x1024.jpg\" \/>\n<meta name=\"twitter:card\" content=\"summary_large_image\" \/>\n<script type=\"application\/ld+json\" class=\"yoast-schema-graph\">{\"@context\":\"https:\/\/schema.org\",\"@graph\":[{\"@type\":\"WebPage\",\"@id\":\"https:\/\/www.lmk-energy.fr\/nos-produits\/bois-de-chauffage\/\",\"url\":\"https:\/\/www.lmk-energy.fr\/nos-produits\/bois-de-chauffage\/\",\"name\":\"Firewood - LMK Energy\",\"isPartOf\":{\"@id\":\"https:\/\/www.lmk-energy.fr\/#website\"},\"datePublished\":\"2021-03-22T14:56:40+00:00\",\"dateModified\":\"2021-03-22T17:06:17+00:00\",\"description\":\"{:0}Bois de chauffage. Bois fendue coup\u00e9e en 30 cm ou 50 cm, essence de bois dur : Ch\u00eanes, Fr\u00eanes, Charmes, H\u00eatres, conditionn\u00e9s en box de 2 ou 1 m\u00e8tre cube.\",\"breadcrumb\":{\"@id\":\"https:\/\/www.lmk-energy.fr\/nos-produits\/bois-de-chauffage\/#breadcrumb\"},\"inLanguage\":\"en-US\",\"potentialAction\":[{\"@type\":\"ReadAction\",\"target\":[\"https:\/\/www.lmk-energy.fr\/nos-produits\/bois-de-chauffage\/\"]}]},{\"@type\":\"BreadcrumbList\",\"@id\":\"https:\/\/www.lmk-energy.fr\/nos-produits\/bois-de-chauffage\/#breadcrumb\",\"itemListElement\":[{\"@type\":\"ListItem\",\"position\":1,\"name\":\"Accueil\",\"item\":\"https:\/\/www.lmk-energy.fr\/\"},{\"@type\":\"ListItem\",\"position\":2,\"name\":\"Nos produits\",\"item\":\"https:\/\/www.lmk-energy.fr\/nos-produits\/\"},{\"@type\":\"ListItem\",\"position\":3,\"name\":\"Bois de Chauffage\"}]},{\"@type\":\"WebSite\",\"@id\":\"https:\/\/www.lmk-energy.fr\/#website\",\"url\":\"https:\/\/www.lmk-energy.fr\/\",\"name\":\"LMK Energy\",\"description\":\"Producer and owner of biomass roasting technology\",\"potentialAction\":[{\"@type\":\"SearchAction\",\"target\":{\"@type\":\"EntryPoint\",\"urlTemplate\":\"https:\/\/www.lmk-energy.fr\/?s={search_term_string}\"},\"query-input\":\"required name=search_term_string\"}],\"inLanguage\":\"en-US\"}]}<\/script>\n<!-- \/ Yoast SEO plugin. -->","yoast_head_json":{"title":"Firewood - LMK Energy","robots":{"index":"index","follow":"follow","max-snippet":"max-snippet:-1","max-image-preview":"max-image-preview:large","max-video-preview":"max-video-preview:-1"},"canonical":"https:\/\/www.lmk-energy.fr\/nos-produits\/bois-de-chauffage\/","og_locale":"en_US","og_type":"article","og_title":"Firewood - LMK Energy","og_url":"https:\/\/www.lmk-energy.fr\/nos-produits\/bois-de-chauffage\/","og_site_name":"LMK Energy","article_modified_time":"2021-03-22T17:06:17+00:00","og_image":[{"url":"http:\/\/www.lmk-energy.fr\/wp-content\/uploads\/2021\/03\/BOX2m350-2-636x1024.jpg"}],"twitter_card":"summary_large_image","schema":{"@context":"https:\/\/schema.org","@graph":[{"@type":"WebPage","@id":"https:\/\/www.lmk-energy.fr\/nos-produits\/bois-de-chauffage\/","url":"https:\/\/www.lmk-energy.fr\/nos-produits\/bois-de-chauffage\/","name":"Firewood - LMK Energy","isPartOf":{"@id":"https:\/\/www.lmk-energy.fr\/#website"},"datePublished":"2021-03-22T14:56:40+00:00","dateModified":"2021-03-22T17:06:17+00:00","description":"{:0}Bois de chauffage. Bois fendue coup\u00e9e en 30 cm ou 50 cm, essence de bois dur : Ch\u00eanes, Fr\u00eanes, Charmes, H\u00eatres, conditionn\u00e9s en box de 2 ou 1 m\u00e8tre cube.","breadcrumb":{"@id":"https:\/\/www.lmk-energy.fr\/nos-produits\/bois-de-chauffage\/#breadcrumb"},"inLanguage":"en-US","potentialAction":[{"@type":"ReadAction","target":["https:\/\/www.lmk-energy.fr\/nos-produits\/bois-de-chauffage\/"]}]},{"@type":"BreadcrumbList","@id":"https:\/\/www.lmk-energy.fr\/nos-produits\/bois-de-chauffage\/#breadcrumb","itemListElement":[{"@type":"ListItem","position":1,"name":"Accueil","item":"https:\/\/www.lmk-energy.fr\/"},{"@type":"ListItem","position":2,"name":"Nos produits","item":"https:\/\/www.lmk-energy.fr\/nos-produits\/"},{"@type":"ListItem","position":3,"name":"Bois de Chauffage"}]},{"@type":"WebSite","@id":"https:\/\/www.lmk-energy.fr\/#website","url":"https:\/\/www.lmk-energy.fr\/","name":"LMK Energy","description":"Producer and owner of biomass roasting technology","potentialAction":[{"@type":"SearchAction","target":{"@type":"EntryPoint","urlTemplate":"https:\/\/www.lmk-energy.fr\/?s={search_term_string}"},"query-input":"required name=search_term_string"}],"inLanguage":"en-US"}]}},"_links":{"self":[{"href":"https:\/\/www.lmk-energy.fr\/en\/wp-json\/wp\/v2\/pages\/537"}],"collection":[{"href":"https:\/\/www.lmk-energy.fr\/en\/wp-json\/wp\/v2\/pages"}],"about":[{"href":"https:\/\/www.lmk-energy.fr\/en\/wp-json\/wp\/v2\/types\/page"}],"author":[{"embeddable":true,"href":"https:\/\/www.lmk-energy.fr\/en\/wp-json\/wp\/v2\/users\/1"}],"replies":[{"embeddable":true,"href":"https:\/\/www.lmk-energy.fr\/en\/wp-json\/wp\/v2\/comments?post=537"}],"version-history":[{"count":8,"href":"https:\/\/www.lmk-energy.fr\/en\/wp-json\/wp\/v2\/pages\/537\/revisions"}],"predecessor-version":[{"id":576,"href":"https:\/\/www.lmk-energy.fr\/en\/wp-json\/wp\/v2\/pages\/537\/revisions\/576"}],"up":[{"embeddable":true,"href":"https:\/\/www.lmk-energy.fr\/en\/wp-json\/wp\/v2\/pages\/66"}],"wp:attachment":[{"href":"https:\/\/www.lmk-energy.fr\/en\/wp-json\/wp\/v2\/media?parent=537"}],"curies":[{"name":"wp","href":"https:\/\/api.w.org\/{rel}","templated":true}]}}