{"id":499,"date":"2021-03-22T14:26:11","date_gmt":"2021-03-22T13:26:11","guid":{"rendered":"http:\/\/www.lmk-energy.fr\/?page_id=499"},"modified":"2021-09-09T17:41:54","modified_gmt":"2021-09-09T16:41:54","slug":"charbon-de-bois-maxi-grill","status":"publish","type":"page","link":"https:\/\/www.lmk-energy.fr\/en\/nos-produits\/charbon-de-bois-maxi-grill\/","title":{"rendered":"Charbon de bois"},"content":{"rendered":"\n<div class=\"wp-block-image\"><figure class=\"aligncenter is-resized\"><img decoding=\"async\" loading=\"lazy\" src=\"http:\/\/www.lmk-energy.fr\/wp-content\/uploads\/2021\/03\/Maxi-Grill-marque.jpg\" alt=\"\" class=\"wp-image-500\" width=\"297\" height=\"246\" srcset=\"https:\/\/www.lmk-energy.fr\/wp-content\/uploads\/2021\/03\/Maxi-Grill-marque.jpg 746w, https:\/\/www.lmk-energy.fr\/wp-content\/uploads\/2021\/03\/Maxi-Grill-marque-600x499.jpg 600w\" sizes=\"(max-width: 297px) 100vw, 297px\" \/><\/figure><\/div>\n\n\n\n<div class=\"wp-block-media-text alignwide is-stacked-on-mobile\"><figure class=\"wp-block-media-text__media\"><img decoding=\"async\" loading=\"lazy\" width=\"576\" height=\"1024\" src=\"http:\/\/www.lmk-energy.fr\/wp-content\/uploads\/2021\/03\/Maxi-Grill-3-kg-576x1024.jpg\" alt=\"\" class=\"wp-image-503 size-full\" srcset=\"https:\/\/www.lmk-energy.fr\/wp-content\/uploads\/2021\/03\/Maxi-Grill-3-kg-576x1024.jpg 576w, https:\/\/www.lmk-energy.fr\/wp-content\/uploads\/2021\/03\/Maxi-Grill-3-kg-169x300.jpg 169w, https:\/\/www.lmk-energy.fr\/wp-content\/uploads\/2021\/03\/Maxi-Grill-3-kg-768x1365.jpg 768w, https:\/\/www.lmk-energy.fr\/wp-content\/uploads\/2021\/03\/Maxi-Grill-3-kg-600x1067.jpg 600w\" sizes=\"(max-width: 576px) 100vw, 576px\" \/><\/figure><div class=\"wp-block-media-text__content\">\n<ul><li>Le charbon de bois a \u00e9t\u00e9 s\u00e9lectionn\u00e9 de mani\u00e8re rigoureuse en Europe.<\/li><li>Le bois provient de for\u00eat g\u00e9r\u00e9 durablement, contr\u00f4l\u00e9 par l&#8217;organisme FSC\u00ae.<\/li><li>Les essences utilis\u00e9s sont le h\u00eatre, le charme, le fr\u00eanes, le ch\u00eane, garantissant un allumage facile et une longue dur\u00e9e de combustion.<\/li><li>Le charbon existe en 3kg qualit\u00e9 premium et en 7kg qualit\u00e9 restaurant.<\/li><\/ul>\n<\/div><\/div>\n\n\n\n<div class=\"wp-block-media-text alignwide is-stacked-on-mobile\" style=\"grid-template-columns:23% auto\"><figure class=\"wp-block-media-text__media\"><img decoding=\"async\" loading=\"lazy\" width=\"189\" height=\"300\" src=\"https:\/\/www.lmk-energy.fr\/wp-content\/uploads\/2021\/04\/FSC_C155255_Promotional_with_text_Portrait_BlackOnWhite_r_Q47Bmd-189x300.jpeg\" alt=\"\" class=\"wp-image-579 size-medium\" srcset=\"https:\/\/www.lmk-energy.fr\/wp-content\/uploads\/2021\/04\/FSC_C155255_Promotional_with_text_Portrait_BlackOnWhite_r_Q47Bmd-189x300.jpeg 189w, https:\/\/www.lmk-energy.fr\/wp-content\/uploads\/2021\/04\/FSC_C155255_Promotional_with_text_Portrait_BlackOnWhite_r_Q47Bmd-646x1024.jpeg 646w, https:\/\/www.lmk-energy.fr\/wp-content\/uploads\/2021\/04\/FSC_C155255_Promotional_with_text_Portrait_BlackOnWhite_r_Q47Bmd-768x1217.jpeg 768w, https:\/\/www.lmk-energy.fr\/wp-content\/uploads\/2021\/04\/FSC_C155255_Promotional_with_text_Portrait_BlackOnWhite_r_Q47Bmd-600x951.jpeg 600w, https:\/\/www.lmk-energy.fr\/wp-content\/uploads\/2021\/04\/FSC_C155255_Promotional_with_text_Portrait_BlackOnWhite_r_Q47Bmd-969x1536.jpeg 969w, https:\/\/www.lmk-energy.fr\/wp-content\/uploads\/2021\/04\/FSC_C155255_Promotional_with_text_Portrait_BlackOnWhite_r_Q47Bmd.jpeg 1024w\" sizes=\"(max-width: 189px) 100vw, 189px\" \/><\/figure><div class=\"wp-block-media-text__content\">\n<p><a href=\"https:\/\/info.fsc.org\/details.php?id=a02f300000jmKLPAA2&amp;type=certificate\">https:\/\/info.fsc.org\/details.php?id=a02f300000jmKLPAA2&amp;type=certificate<\/a><\/p>\n<\/div><\/div>\n","protected":false},"excerpt":{"rendered":"<p>Le charbon de bois a \u00e9t\u00e9 s\u00e9lectionn\u00e9 de mani\u00e8re rigoureuse en Europe. Le bois provient de for\u00eat g\u00e9r\u00e9 durablement, contr\u00f4l\u00e9 par l&#8217;organisme FSC\u00ae. Les essences utilis\u00e9s sont le h\u00eatre, le charme, le fr\u00eanes, le ch\u00eane, garantissant un allumage facile et une longue dur\u00e9e de combustion. Le charbon existe en 3kg qualit\u00e9 premium et en 7kg [&hellip;]<\/p>\n","protected":false},"author":1,"featured_media":0,"parent":66,"menu_order":4,"comment_status":"closed","ping_status":"closed","template":"","meta":[],"translation":{"provider":"WPGlobus","version":"3.0.1","language":"en","enabled_languages":["fr","en"],"languages":{"fr":{"title":true,"content":true,"excerpt":false},"en":{"title":false,"content":false,"excerpt":false}}},"yoast_head":"<!-- This site is optimized with the Yoast SEO plugin v20.4 - https:\/\/yoast.com\/wordpress\/plugins\/seo\/ -->\n<title>Charbon de bois - LMK Energy<\/title>\n<meta name=\"robots\" content=\"index, follow, max-snippet:-1, max-image-preview:large, max-video-preview:-1\" \/>\n<link rel=\"canonical\" href=\"https:\/\/www.lmk-energy.fr\/nos-produits\/charbon-de-bois-maxi-grill\/\" \/>\n<meta property=\"og:locale\" content=\"en_US\" \/>\n<meta property=\"og:type\" content=\"article\" \/>\n<meta property=\"og:title\" content=\"Charbon de bois - LMK Energy\" \/>\n<meta property=\"og:url\" content=\"https:\/\/www.lmk-energy.fr\/nos-produits\/charbon-de-bois-maxi-grill\/\" \/>\n<meta property=\"og:site_name\" content=\"LMK Energy\" \/>\n<meta property=\"article:modified_time\" content=\"2021-09-09T16:41:54+00:00\" \/>\n<meta property=\"og:image\" content=\"http:\/\/www.lmk-energy.fr\/wp-content\/uploads\/2021\/03\/Maxi-Grill-marque.jpg\" \/>\n<meta name=\"twitter:card\" content=\"summary_large_image\" \/>\n<meta name=\"twitter:label1\" content=\"Est. reading time\" \/>\n\t<meta name=\"twitter:data1\" content=\"1 minute\" \/>\n<script type=\"application\/ld+json\" class=\"yoast-schema-graph\">{\"@context\":\"https:\/\/schema.org\",\"@graph\":[{\"@type\":\"WebPage\",\"@id\":\"https:\/\/www.lmk-energy.fr\/nos-produits\/charbon-de-bois-maxi-grill\/\",\"url\":\"https:\/\/www.lmk-energy.fr\/nos-produits\/charbon-de-bois-maxi-grill\/\",\"name\":\"Charbon de bois - LMK Energy\",\"isPartOf\":{\"@id\":\"https:\/\/www.lmk-energy.fr\/#website\"},\"datePublished\":\"2021-03-22T13:26:11+00:00\",\"dateModified\":\"2021-09-09T16:41:54+00:00\",\"description\":\"\",\"breadcrumb\":{\"@id\":\"https:\/\/www.lmk-energy.fr\/nos-produits\/charbon-de-bois-maxi-grill\/#breadcrumb\"},\"inLanguage\":\"en-US\",\"potentialAction\":[{\"@type\":\"ReadAction\",\"target\":[\"https:\/\/www.lmk-energy.fr\/nos-produits\/charbon-de-bois-maxi-grill\/\"]}]},{\"@type\":\"BreadcrumbList\",\"@id\":\"https:\/\/www.lmk-energy.fr\/nos-produits\/charbon-de-bois-maxi-grill\/#breadcrumb\",\"itemListElement\":[{\"@type\":\"ListItem\",\"position\":1,\"name\":\"Accueil\",\"item\":\"https:\/\/www.lmk-energy.fr\/\"},{\"@type\":\"ListItem\",\"position\":2,\"name\":\"Nos produits\",\"item\":\"https:\/\/www.lmk-energy.fr\/nos-produits\/\"},{\"@type\":\"ListItem\",\"position\":3,\"name\":\"Charbon de bois\"}]},{\"@type\":\"WebSite\",\"@id\":\"https:\/\/www.lmk-energy.fr\/#website\",\"url\":\"https:\/\/www.lmk-energy.fr\/\",\"name\":\"LMK Energy\",\"description\":\"Producer and owner of biomass roasting technology\",\"potentialAction\":[{\"@type\":\"SearchAction\",\"target\":{\"@type\":\"EntryPoint\",\"urlTemplate\":\"https:\/\/www.lmk-energy.fr\/?s={search_term_string}\"},\"query-input\":\"required name=search_term_string\"}],\"inLanguage\":\"en-US\"}]}<\/script>\n<!-- \/ Yoast SEO plugin. -->","yoast_head_json":{"title":"Charbon de bois - LMK Energy","robots":{"index":"index","follow":"follow","max-snippet":"max-snippet:-1","max-image-preview":"max-image-preview:large","max-video-preview":"max-video-preview:-1"},"canonical":"https:\/\/www.lmk-energy.fr\/nos-produits\/charbon-de-bois-maxi-grill\/","og_locale":"en_US","og_type":"article","og_title":"Charbon de bois - LMK Energy","og_url":"https:\/\/www.lmk-energy.fr\/nos-produits\/charbon-de-bois-maxi-grill\/","og_site_name":"LMK Energy","article_modified_time":"2021-09-09T16:41:54+00:00","og_image":[{"url":"http:\/\/www.lmk-energy.fr\/wp-content\/uploads\/2021\/03\/Maxi-Grill-marque.jpg"}],"twitter_card":"summary_large_image","twitter_misc":{"Est. reading time":"1 minute"},"schema":{"@context":"https:\/\/schema.org","@graph":[{"@type":"WebPage","@id":"https:\/\/www.lmk-energy.fr\/nos-produits\/charbon-de-bois-maxi-grill\/","url":"https:\/\/www.lmk-energy.fr\/nos-produits\/charbon-de-bois-maxi-grill\/","name":"Charbon de bois - LMK Energy","isPartOf":{"@id":"https:\/\/www.lmk-energy.fr\/#website"},"datePublished":"2021-03-22T13:26:11+00:00","dateModified":"2021-09-09T16:41:54+00:00","description":"","breadcrumb":{"@id":"https:\/\/www.lmk-energy.fr\/nos-produits\/charbon-de-bois-maxi-grill\/#breadcrumb"},"inLanguage":"en-US","potentialAction":[{"@type":"ReadAction","target":["https:\/\/www.lmk-energy.fr\/nos-produits\/charbon-de-bois-maxi-grill\/"]}]},{"@type":"BreadcrumbList","@id":"https:\/\/www.lmk-energy.fr\/nos-produits\/charbon-de-bois-maxi-grill\/#breadcrumb","itemListElement":[{"@type":"ListItem","position":1,"name":"Accueil","item":"https:\/\/www.lmk-energy.fr\/"},{"@type":"ListItem","position":2,"name":"Nos produits","item":"https:\/\/www.lmk-energy.fr\/nos-produits\/"},{"@type":"ListItem","position":3,"name":"Charbon de bois"}]},{"@type":"WebSite","@id":"https:\/\/www.lmk-energy.fr\/#website","url":"https:\/\/www.lmk-energy.fr\/","name":"LMK Energy","description":"Producer and owner of biomass roasting technology","potentialAction":[{"@type":"SearchAction","target":{"@type":"EntryPoint","urlTemplate":"https:\/\/www.lmk-energy.fr\/?s={search_term_string}"},"query-input":"required name=search_term_string"}],"inLanguage":"en-US"}]}},"_links":{"self":[{"href":"https:\/\/www.lmk-energy.fr\/en\/wp-json\/wp\/v2\/pages\/499"}],"collection":[{"href":"https:\/\/www.lmk-energy.fr\/en\/wp-json\/wp\/v2\/pages"}],"about":[{"href":"https:\/\/www.lmk-energy.fr\/en\/wp-json\/wp\/v2\/types\/page"}],"author":[{"embeddable":true,"href":"https:\/\/www.lmk-energy.fr\/en\/wp-json\/wp\/v2\/users\/1"}],"replies":[{"embeddable":true,"href":"https:\/\/www.lmk-energy.fr\/en\/wp-json\/wp\/v2\/comments?post=499"}],"version-history":[{"count":11,"href":"https:\/\/www.lmk-energy.fr\/en\/wp-json\/wp\/v2\/pages\/499\/revisions"}],"predecessor-version":[{"id":585,"href":"https:\/\/www.lmk-energy.fr\/en\/wp-json\/wp\/v2\/pages\/499\/revisions\/585"}],"up":[{"embeddable":true,"href":"https:\/\/www.lmk-energy.fr\/en\/wp-json\/wp\/v2\/pages\/66"}],"wp:attachment":[{"href":"https:\/\/www.lmk-energy.fr\/en\/wp-json\/wp\/v2\/media?parent=499"}],"curies":[{"name":"wp","href":"https:\/\/api.w.org\/{rel}","templated":true}]}}