{"id":247,"date":"2016-06-30T10:45:34","date_gmt":"2016-06-30T09:45:34","guid":{"rendered":"http:\/\/www.lmk-energy.fr\/?page_id=247"},"modified":"2018-02-26T08:54:56","modified_gmt":"2018-02-26T07:54:56","slug":"le-biocoal","status":"publish","type":"page","link":"https:\/\/www.lmk-energy.fr\/en\/nos-produits\/le-biocoal\/","title":{"rendered":"The BioCoal"},"content":{"rendered":"<p>[vc_row][vc_column][vc_custom_heading text=&#8221;Le BioCoal&#8221; font_container=&#8221;tag:h1|text_align:center|color:%230088cc&#8221; google_fonts=&#8221;font_family:Open%20Sans%3A300%2C300italic%2Cregular%2Citalic%2C600%2C600italic%2C700%2C700italic%2C800%2C800italic|font_style:800%20bold%20regular%3A800%3Anormal&#8221;][vc_text_separator title=&#8221;Ideal fuel for various industrial applications&#8221;][vc_empty_space height=&#8221;50px&#8221;][\/vc_column][\/vc_row][vc_row][vc_column width=&#8221;1\/3&#8243;][vc_single_image image=&#8221;266&#8243; img_size=&#8221;medium&#8221;][vc_single_image image=&#8221;267&#8243; img_size=&#8221;medium&#8221;][vc_single_image image=&#8221;268&#8243; img_size=&#8221;medium&#8221;][vc_single_image image=&#8221;269&#8243; img_size=&#8221;medium&#8221;][vc_single_image image=&#8221;270&#8243; img_size=&#8221;medium&#8221;][vc_single_image image=&#8221;271&#8243; img_size=&#8221;medium&#8221;][\/vc_column][vc_column width=&#8221;2\/3&#8243;][vc_row_inner][vc_column_inner][vc_raw_html]JTNDZGl2JTIwY2xhc3MlM0QlMjdjYXJyZSUyNyUyMHN0eWxlJTNEJTI3d2lkdGglM0ElMjAyMHB4JTNCJTIwaGVpZ2h0JTNBJTIwMjBweCUzQiUyMGJhY2tncm91bmQtY29sb3IlM0ElMjAlMjMwMDg4Y2MlM0IlMjclM0UlM0MlMkZkaXYlM0UlMEElM0NkaXYlMjBjbGFzcyUzRCUyN2NhcnJlJTI3JTIwc3R5bGUlM0QlMjd3aWR0aCUzQSUyMDIwcHglM0IlMjBoZWlnaHQlM0ElMjAyMHB4JTNCJTIwYmFja2dyb3VuZC1jb2xvciUzQSUyMCUyM2Y0N2QxOSUzQiUyNyUzRSUzQyUyRmRpdiUzRSUwQSUzQ2RpdiUyMGNsYXNzJTNEJTI3Y2FycmUlMjclMjBzdHlsZSUzRCUyN3dpZHRoJTNBJTIwMjBweCUzQiUyMGhlaWdodCUzQSUyMDIwcHglM0IlMjBiYWNrZ3JvdW5kLWNvbG9yJTNBJTIwJTIzZjYyYzE0JTNCJTI3JTNFJTNDJTJGZGl2JTNF[\/vc_raw_html][vc_custom_heading text=&#8221;Replacing fossil fuels&#8221; font_container=&#8221;tag:h3|text_align:left&#8221; google_fonts=&#8221;font_family:Open%20Sans%3A300%2C300italic%2Cregular%2Citalic%2C600%2C600italic%2C700%2C700italic%2C800%2C800italic|font_style:700%20bold%20regular%3A700%3Anormal&#8221;][vc_column_text]The torrefied biomass with TORSPYD\u00ae, also known BioCoal is a solid fuel high quality, ideal for many types of industrial applications, general or specific (barbecue , central heating, heat generation , co\u00acg\u00e9n\u00e9ration , power generation , etc &#8230;). Thanks to its high energy performance, BioCoal can replace, partially or totally, the most common solid fuels (coal , peat, wood pellets, etc. &#8230;). BioCoal is particularly a very effective alternative to coal in co- combustion or gasification applications. BioCoal is particularly suited to the requirements of the burners of heavy industries, such as thermal power plants, paper mills, cement plants or chauderies[\/vc_column_text][vc_raw_html]JTNDdGFibGUlMjB3aWR0aCUzRDEwMCUyNSUyMGNlbGxzcGFjaW5nJTNEJTIyMCUyMiUyMGNlbGxwYWRkaW5nJTNEJTIyMCUyMiUyMGJvcmRlciUzRCUyMjElMjIlMjBib3JkZXJjb2xvciUzRCUyMmJsYWNrJTIyJTIwc3R5bGUlM0QlMjdjb2xvciUzQSUyMCUyMzAwMCUzQiUyMHRleHQtYWxpZ24lM0ElMjBjZW50ZXIlM0IlMjBmb250LXdlaWdodCUzQSUyMGJvbGQlM0IlMjBmb250LXNpemUlM0ElMjA4OSUyNSUzQiUyMGxpbmUtaGVpZ2h0JTNBJTIwMTAwJTI1JTNCJTI3JTNFJTBBJTIwJTIwJTNDdHIlM0UlMEElMjAlMjAlMjAlMjAlM0N0ZCUyMHJvd3NwYW4lM0QlMjIyJTIyJTNFJTNDJTJGdGQlM0UlMEElMjAlMjAlMjAlMjAlM0N0ZCUzRVdvb2QlMjBDaGlwcyUzQyUyRnRkJTNFJTBBJTIwJTIwJTIwJTIwJTNDdGQlM0VDb252ZW50aW9uYWwlMjB3b29kJTIwcGVsbGV0cyUzQyUyRnRkJTNFJTBBJTIwJTIwJTIwJTIwJTNDdGQlM0VQZWxsZXRzJTIwQmlvQ29hbCUzQyUyRnRkJTNFJTBBJTIwJTIwJTNDJTJGdHIlM0UlMEElMjAlMjAlM0N0ciUzRSUwQSUyMCUyMCUyMCUyMCUzQ3RkJTNFJTNDaW1nJTIwc3JjJTNEJTI3aHR0cCUzQSUyRiUyRnd3dy5sbWstZW5lcmd5LmZyJTJGd3AtY29udGVudCUyRnVwbG9hZHMlMkYyMDE2JTJGMDYlMkZwbGFxdWV0dGUtZGUtYm9pcy01MHg1MC5qcGclMjclMjAlMkYlM0UlM0MlMkZ0ZCUzRSUwQSUyMCUyMCUyMCUyMCUzQ3RkJTNFJTNDaW1nJTIwc3JjJTNEJTI3aHR0cCUzQSUyRiUyRnd3dy5sbWstZW5lcmd5LmZyJTJGd3AtY29udGVudCUyRnVwbG9hZHMlMkYyMDE2JTJGMDYlMkZncmFudWxlcy1ib2lzXzc3LTUweDUwLmpwZyUyNyUyMCUyRiUzRSUzQyUyRnRkJTNFJTBBJTIwJTIwJTIwJTIwJTNDdGQlM0UlM0NpbWclMjBzcmMlM0QlMjdodHRwJTNBJTJGJTJGd3d3Lmxtay1lbmVyZ3kuZnIlMkZ3cC1jb250ZW50JTJGdXBsb2FkcyUyRjIwMTYlMkYwNiUyRnBlbGxldC1kZS1iaW9jb2FsLTUweDUwLmpwZyUyNyUyMCUyRiUzRSUzQyUyRnRkJTNFJTBBJTIwJTIwJTNDJTJGdHIlM0UlMEElMjAlMjAlM0N0ciUzRSUwQSUyMCUyMCUyMCUyMCUzQ3RkJTNFQ2Fsb3JpZmljJTIwcG93ZXIlM0MlMkZ0ZCUzRSUwQSUyMCUyMCUyMCUyMCUzQ3RkJTNFNyUyQzQlMjAlQzMlQTAlMjAxMSUyQzQlMjBNSiUyRmtnJTNDYnIlM0UxNzY3JTIwJUMzJUEwJTIwMjcyMiUyMGtjYWwlMkZrZyUzQyUyRnRkJTNFJTBBJTIwJTIwJTIwJTIwJTNDdGQlM0UxNyUyMCVDMyVBMCUyMDE4JTIwTUolMkZrZyUzQ2JyJTNFNDA5NSUyMCVDMyVBMCUyMDQyOTglMjBrY2FsJTJGa2clM0MlMkZ0ZCUzRSUwQSUyMCUyMCUyMCUyMCUzQ3RkJTNFMjElMjAlQzMlQTAlMjAyMiUyME1KJTJGa2clM0NiciUzRTUwMTUlMjAlQzMlQTAlMjA1MjUzJTIwa2NhbCUyRmtnJTNDJTJGdGQlM0UlMEElMjAlMjAlM0MlMkZ0ciUzRSUwQSUyMCUyMCUzQ3RyJTNFJTBBJTIwJTIwJTIwJTIwJTNDdGQlM0VIdW1pZGl0eSUzQyUyRnRkJTNFJTBBJTIwJTIwJTIwJTIwJTNDdGQlM0UzMCUyNSUyMCVDMyVBMCUyMDUwJTI1JTNDJTJGdGQlM0UlMEElMjAlMjAlMjAlMjAlM0N0ZCUzRSUzQyUyMDEwJTI1JTNDJTJGdGQlM0UlMEElMjAlMjAlMjAlMjAlM0N0ZCUzRSUzQyUyMDElMjUlM0MlMkZ0ZCUzRSUwQSUyMCUyMCUzQyUyRnRyJTNFJTBBJTIwJTIwJTNDdHIlM0UlMEElMjAlMjAlMjAlMjAlM0N0ZCUzRVRyYW5zcG9ydGF0aW9uJTIwZGVuc2l0eSUzQyUyRnRkJTNFJTBBJTIwJTIwJTIwJTIwJTNDdGQlM0UyNTAlMjAlQzMlQTAlMjA0MDAlMjBrZyUyRm0zJTNDJTJGdGQlM0UlMEElMjAlMjAlMjAlMjAlM0N0ZCUzRTY1MCUyMGtnJTJGbTMlM0MlMkZ0ZCUzRSUwQSUyMCUyMCUyMCUyMCUzQ3RkJTNFOTAwJTIwa2clMkZtMyUzQyUyRnRkJTNFJTBBJTIwJTIwJTNDJTJGdHIlM0UlMEElMjAlMjAlM0N0ciUzRSUwQSUyMCUyMCUyMCUyMCUzQ3RkJTNFRW5lcmd5JTIwZGVuc2l0eSUzQyUyRnRkJTNFJTBBJTIwJTIwJTIwJTIwJTNDdGQlM0U4MTUlMjBrV2glMkZtMyUyMGF2ZXJhZ2UlM0MlMkZ0ZCUzRSUwQSUyMCUyMCUyMCUyMCUzQ3RkJTNFMyUyMDE1MCUyMGtXaCUyRm0zJTIwYXZlcmFnZSUzQyUyRnRkJTNFJTBBJTIwJTIwJTIwJTIwJTNDdGQlM0U1JTIwMDg1JTIwa1doJTJGbTMlMjBhdmVyYWdlJTNDJTJGdGQlM0UlMEElMjAlMjAlM0MlMkZ0ciUzRSUwQSUzQyUyRnRhYmxlJTNF[\/vc_raw_html][\/vc_column_inner][\/vc_row_inner][vc_empty_space height=&#8221;50px&#8221;][vc_row_inner][vc_column_inner][vc_raw_html]JTNDZGl2JTIwY2xhc3MlM0QlMjdjYXJyZSUyNyUyMHN0eWxlJTNEJTI3d2lkdGglM0ElMjAyMHB4JTNCJTIwaGVpZ2h0JTNBJTIwMjBweCUzQiUyMGJhY2tncm91bmQtY29sb3IlM0ElMjAlMjMwMDg4Y2MlM0IlMjclM0UlM0MlMkZkaXYlM0UlMEElM0NkaXYlMjBjbGFzcyUzRCUyN2NhcnJlJTI3JTIwc3R5bGUlM0QlMjd3aWR0aCUzQSUyMDIwcHglM0IlMjBoZWlnaHQlM0ElMjAyMHB4JTNCJTIwYmFja2dyb3VuZC1jb2xvciUzQSUyMCUyM2Y0N2QxOSUzQiUyNyUzRSUzQyUyRmRpdiUzRSUwQSUzQ2RpdiUyMGNsYXNzJTNEJTI3Y2FycmUlMjclMjBzdHlsZSUzRCUyN3dpZHRoJTNBJTIwMjBweCUzQiUyMGhlaWdodCUzQSUyMDIwcHglM0IlMjBiYWNrZ3JvdW5kLWNvbG9yJTNBJTIwJTIzZjYyYzE0JTNCJTI3JTNFJTNDJTJGZGl2JTNF[\/vc_raw_html][vc_custom_heading text=&#8221;Elemental analysis maritime pine BioCoal&#8221; font_container=&#8221;tag:h3|text_align:left&#8221; google_fonts=&#8221;font_family:Open%20Sans%3A300%2C300italic%2Cregular%2Citalic%2C600%2C600italic%2C700%2C700italic%2C800%2C800italic|font_style:700%20bold%20regular%3A700%3Anormal&#8221;][\/vc_column_inner][\/vc_row_inner][vc_row_inner][vc_column_inner width=&#8221;2\/3&#8243;][vc_column_text]<\/p>\n<p style=\"text-align: center;\">PCI ( kJ\/kg)<\/p>\n<p style=\"text-align: center;\">PCS (kJ\/kg)<\/p>\n<p style=\"text-align: center;\">Energy balance<\/p>\n<p style=\"text-align: center;\">Balance material\u00a0(dry)<\/p>\n<p style=\"text-align: center;\">Pellet transport density\u00a0(kg\/m3)<\/p>\n<p style=\"text-align: center;\">Humidity (%)<\/p>\n<p style=\"text-align: center;\">Ash content\u00a0(% on dry matter)<\/p>\n<p style=\"text-align: center;\">Volatile content (% on dry matter)<\/p>\n<p style=\"text-align: center;\">Fixef carbon\u00a0(% on dry matter)<\/p>\n<p style=\"text-align: center;\">Total Carbon (% on dry matter)<\/p>\n<p style=\"text-align: center;\">Hydrogen (% on dry matter)<\/p>\n<p style=\"text-align: center;\">Nitrogen\u00a0(% on dry matter)<\/p>\n<p style=\"text-align: center;\">Sulphur\u00a0(% on dry matter)<\/p>\n<p style=\"text-align: center;\">Oxygen (% on dry matter)<\/p>\n<p style=\"text-align: center;\">Minimum Ignition Energy EMI (mJ)<br \/>\nASTM E2019-03 and EN 13821<\/p>\n<p style=\"text-align: center;\">Inflammation minimum temperature of TMI (\u00b0C)<br \/>\nASTM E1491-97 and EN 50281<\/p>\n<p>[\/vc_column_text][\/vc_column_inner][vc_column_inner width=&#8221;1\/3&#8243;][vc_column_text]<\/p>\n<p style=\"text-align: center;\">20 500<\/p>\n<p style=\"text-align: center;\">21750<\/p>\n<p style=\"text-align: center;\">95 %<\/p>\n<p style=\"text-align: center;\">90 %<\/p>\n<p style=\"text-align: center;\">900<\/p>\n<p style=\"text-align: center;\">&lt; 1<\/p>\n<p style=\"text-align: center;\">&lt;1<\/p>\n<p style=\"text-align: center;\">&gt; 70<\/p>\n<p style=\"text-align: center;\">26<\/p>\n<p style=\"text-align: center;\">52,1<\/p>\n<p style=\"text-align: center;\">6,2<\/p>\n<p style=\"text-align: center;\">&lt; 0,06<\/p>\n<p style=\"text-align: center;\">&lt; 0,06<\/p>\n<p style=\"text-align: center;\">40<\/p>\n<p style=\"text-align: center; margin-top: 30px;\">entre 3 et 10<\/p>\n<p style=\"text-align: center; margin-top: 40px;\">500<\/p>\n<p>[\/vc_column_text][\/vc_column_inner][\/vc_row_inner][vc_empty_space height=&#8221;50px&#8221;][vc_row_inner][vc_column_inner][vc_raw_html]JTNDZGl2JTIwY2xhc3MlM0QlMjdjYXJyZSUyNyUyMHN0eWxlJTNEJTI3d2lkdGglM0ElMjAyMHB4JTNCJTIwaGVpZ2h0JTNBJTIwMjBweCUzQiUyMGJhY2tncm91bmQtY29sb3IlM0ElMjAlMjMwMDg4Y2MlM0IlMjclM0UlM0MlMkZkaXYlM0UlMEElM0NkaXYlMjBjbGFzcyUzRCUyN2NhcnJlJTI3JTIwc3R5bGUlM0QlMjd3aWR0aCUzQSUyMDIwcHglM0IlMjBoZWlnaHQlM0ElMjAyMHB4JTNCJTIwYmFja2dyb3VuZC1jb2xvciUzQSUyMCUyM2Y0N2QxOSUzQiUyNyUzRSUzQyUyRmRpdiUzRSUwQSUzQ2RpdiUyMGNsYXNzJTNEJTI3Y2FycmUlMjclMjBzdHlsZSUzRCUyN3dpZHRoJTNBJTIwMjBweCUzQiUyMGhlaWdodCUzQSUyMDIwcHglM0IlMjBiYWNrZ3JvdW5kLWNvbG9yJTNBJTIwJTIzZjYyYzE0JTNCJTI3JTNFJTNDJTJGZGl2JTNF[\/vc_raw_html][vc_custom_heading text=&#8221;Advantages of BioCoal TORSPYD&#8221; font_container=&#8221;tag:h3|text_align:left&#8221; google_fonts=&#8221;font_family:Open%20Sans%3A300%2C300italic%2Cregular%2Citalic%2C600%2C600italic%2C700%2C700italic%2C800%2C800italic|font_style:700%20bold%20regular%3A700%3Anormal&#8221;][vc_column_text]A viable alternative as of now :<br \/>\nThe green solid fuel produced by TORSPYD<\/p>\n<ul>\n<li>Neutral environmental impact: no fossil CO2 emissions<\/li>\n<li>High energy density<\/li>\n<li>Moisture content below 1%<\/li>\n<li>Hydrophobic, can be stored permanently without biological or physical deterioration<\/li>\n<li>Easily crushable : Grindability Index of 48 to 52.\n<ul>\n<li>Granulometry of the outgoing product : 95 % &lt; L=10 mm x D=3 mm<\/li>\n<li>Granulometry of the outgoing product after grinding (roll mill, lmm spacing) : 85 % &lt; 0,05 mm et 100 % &lt; 1,5 mm<\/li>\n<\/ul>\n<\/li>\n<li>Easily granulable<\/li>\n<li><span style=\"line-height: 1.5;\">Homogeneous composition<\/span><\/li>\n<li>Low ash<\/li>\n<li>No heavy metal<\/li>\n<\/ul>\n<p>[\/vc_column_text][\/vc_column_inner][\/vc_row_inner][\/vc_column][\/vc_row]<\/p>\n","protected":false},"excerpt":{"rendered":"<p>[vc_row][vc_column][vc_custom_heading text=&#8221;Le BioCoal&#8221; font_container=&#8221;tag:h1|text_align:center|color:%230088cc&#8221; google_fonts=&#8221;font_family:Open%20Sans%3A300%2C300italic%2Cregular%2Citalic%2C600%2C600italic%2C700%2C700italic%2C800%2C800italic|font_style:800%20bold%20regular%3A800%3Anormal&#8221;][vc_text_separator title=&#8221;Ideal fuel for various industrial applications&#8221;][vc_empty_space height=&#8221;50px&#8221;][\/vc_column][\/vc_row][vc_row][vc_column width=&#8221;1\/3&#8243;][vc_single_image image=&#8221;266&#8243; img_size=&#8221;medium&#8221;][vc_single_image image=&#8221;267&#8243; img_size=&#8221;medium&#8221;][vc_single_image image=&#8221;268&#8243; img_size=&#8221;medium&#8221;][vc_single_image image=&#8221;269&#8243; img_size=&#8221;medium&#8221;][vc_single_image image=&#8221;270&#8243; img_size=&#8221;medium&#8221;][vc_single_image image=&#8221;271&#8243; img_size=&#8221;medium&#8221;][\/vc_column][vc_column width=&#8221;2\/3&#8243;][vc_row_inner][vc_column_inner][vc_raw_html]JTNDZGl2JTIwY2xhc3MlM0QlMjdjYXJyZSUyNyUyMHN0eWxlJTNEJTI3d2lkdGglM0ElMjAyMHB4JTNCJTIwaGVpZ2h0JTNBJTIwMjBweCUzQiUyMGJhY2tncm91bmQtY29sb3IlM0ElMjAlMjMwMDg4Y2MlM0IlMjclM0UlM0MlMkZkaXYlM0UlMEElM0NkaXYlMjBjbGFzcyUzRCUyN2NhcnJlJTI3JTIwc3R5bGUlM0QlMjd3aWR0aCUzQSUyMDIwcHglM0IlMjBoZWlnaHQlM0ElMjAyMHB4JTNCJTIwYmFja2dyb3VuZC1jb2xvciUzQSUyMCUyM2Y0N2QxOSUzQiUyNyUzRSUzQyUyRmRpdiUzRSUwQSUzQ2RpdiUyMGNsYXNzJTNEJTI3Y2FycmUlMjclMjBzdHlsZSUzRCUyN3dpZHRoJTNBJTIwMjBweCUzQiUyMGhlaWdodCUzQSUyMDIwcHglM0IlMjBiYWNrZ3JvdW5kLWNvbG9yJTNBJTIwJTIzZjYyYzE0JTNCJTI3JTNFJTNDJTJGZGl2JTNF[\/vc_raw_html][vc_custom_heading text=&#8221;Replacing fossil fuels&#8221; font_container=&#8221;tag:h3|text_align:left&#8221; google_fonts=&#8221;font_family:Open%20Sans%3A300%2C300italic%2Cregular%2Citalic%2C600%2C600italic%2C700%2C700italic%2C800%2C800italic|font_style:700%20bold%20regular%3A700%3Anormal&#8221;][vc_column_text]The torrefied biomass with TORSPYD\u00ae, also known BioCoal is a solid fuel high quality, ideal for many types of industrial applications, general or specific (barbecue [&hellip;]<\/p>\n","protected":false},"author":1,"featured_media":0,"parent":66,"menu_order":1,"comment_status":"closed","ping_status":"closed","template":"","meta":[],"translation":{"provider":"WPGlobus","version":"3.0.1","language":"en","enabled_languages":["fr","en"],"languages":{"fr":{"title":true,"content":true,"excerpt":false},"en":{"title":true,"content":true,"excerpt":false}}},"yoast_head":"<!-- This site is optimized with the Yoast SEO plugin v20.4 - https:\/\/yoast.com\/wordpress\/plugins\/seo\/ -->\n<title>Biomass roasted BioCal | ecological fuel for heavy industry<\/title>\n<meta name=\"description\" content=\"The torrefied biomass called BioCal is an environmentally friendly fuel. Alternative to coal, peat, wood pellet for heavy industries .\" \/>\n<meta name=\"robots\" content=\"index, follow, max-snippet:-1, max-image-preview:large, max-video-preview:-1\" \/>\n<link rel=\"canonical\" href=\"https:\/\/www.lmk-energy.fr\/nos-produits\/le-biocoal\/\" \/>\n<meta property=\"og:locale\" content=\"en_US\" \/>\n<meta property=\"og:type\" content=\"article\" \/>\n<meta property=\"og:title\" content=\"{:fr}Biomass torr\u00e9fi\u00e9e BioCal | Combustible \u00e9cologique pour industrie lourde{:}{:en}Biomass roasted BioCal | ecological fuel for heavy industry{:}\" \/>\n<meta property=\"og:description\" content=\"The torrefied biomass called BioCal is an environmentally friendly fuel. Alternative to coal, peat, wood pellet for heavy industries .\" \/>\n<meta property=\"og:url\" content=\"https:\/\/www.lmk-energy.fr\/nos-produits\/le-biocoal\/\" \/>\n<meta property=\"og:site_name\" content=\"LMK Energy\" \/>\n<meta property=\"article:modified_time\" content=\"2018-02-26T07:54:56+00:00\" \/>\n<meta name=\"twitter:card\" content=\"summary_large_image\" \/>\n<meta name=\"twitter:label1\" content=\"Est. reading time\" \/>\n\t<meta name=\"twitter:data1\" content=\"10 minutes\" \/>\n<script type=\"application\/ld+json\" class=\"yoast-schema-graph\">{\"@context\":\"https:\/\/schema.org\",\"@graph\":[{\"@type\":\"WebPage\",\"@id\":\"https:\/\/www.lmk-energy.fr\/nos-produits\/le-biocoal\/\",\"url\":\"https:\/\/www.lmk-energy.fr\/nos-produits\/le-biocoal\/\",\"name\":\"Biomass torr\u00e9fi\u00e9e BioCal | Combustible \u00e9cologique pour industrie lourde\",\"isPartOf\":{\"@id\":\"https:\/\/www.lmk-energy.fr\/#website\"},\"datePublished\":\"2016-06-30T09:45:34+00:00\",\"dateModified\":\"2018-02-26T07:54:56+00:00\",\"description\":\"The torrefied biomass called BioCal is an environmentally friendly fuel. Alternative to coal, peat, wood pellet for heavy industries .\",\"breadcrumb\":{\"@id\":\"https:\/\/www.lmk-energy.fr\/nos-produits\/le-biocoal\/#breadcrumb\"},\"inLanguage\":\"en-US\",\"potentialAction\":[{\"@type\":\"ReadAction\",\"target\":[\"https:\/\/www.lmk-energy.fr\/nos-produits\/le-biocoal\/\"]}]},{\"@type\":\"BreadcrumbList\",\"@id\":\"https:\/\/www.lmk-energy.fr\/nos-produits\/le-biocoal\/#breadcrumb\",\"itemListElement\":[{\"@type\":\"ListItem\",\"position\":1,\"name\":\"Accueil\",\"item\":\"https:\/\/www.lmk-energy.fr\/\"},{\"@type\":\"ListItem\",\"position\":2,\"name\":\"Nos produits\",\"item\":\"https:\/\/www.lmk-energy.fr\/nos-produits\/\"},{\"@type\":\"ListItem\",\"position\":3,\"name\":\"Le Pellet de bois torr\u00e9fi\u00e9\"}]},{\"@type\":\"WebSite\",\"@id\":\"https:\/\/www.lmk-energy.fr\/#website\",\"url\":\"https:\/\/www.lmk-energy.fr\/\",\"name\":\"LMK Energy\",\"description\":\"Producer and owner of biomass roasting technology\",\"potentialAction\":[{\"@type\":\"SearchAction\",\"target\":{\"@type\":\"EntryPoint\",\"urlTemplate\":\"https:\/\/www.lmk-energy.fr\/?s={search_term_string}\"},\"query-input\":\"required name=search_term_string\"}],\"inLanguage\":\"en-US\"}]}<\/script>\n<!-- \/ Yoast SEO plugin. -->","yoast_head_json":{"title":"Biomass roasted BioCal | ecological fuel for heavy industry","description":"The torrefied biomass called BioCal is an environmentally friendly fuel. Alternative to coal, peat, wood pellet for heavy industries .","robots":{"index":"index","follow":"follow","max-snippet":"max-snippet:-1","max-image-preview":"max-image-preview:large","max-video-preview":"max-video-preview:-1"},"canonical":"https:\/\/www.lmk-energy.fr\/nos-produits\/le-biocoal\/","og_locale":"en_US","og_type":"article","og_title":"{:fr}Biomass torr\u00e9fi\u00e9e BioCal | Combustible \u00e9cologique pour industrie lourde{:}{:en}Biomass roasted BioCal | ecological fuel for heavy industry{:}","og_description":"The torrefied biomass called BioCal is an environmentally friendly fuel. Alternative to coal, peat, wood pellet for heavy industries .","og_url":"https:\/\/www.lmk-energy.fr\/nos-produits\/le-biocoal\/","og_site_name":"LMK Energy","article_modified_time":"2018-02-26T07:54:56+00:00","twitter_card":"summary_large_image","twitter_misc":{"Est. reading time":"10 minutes"},"schema":{"@context":"https:\/\/schema.org","@graph":[{"@type":"WebPage","@id":"https:\/\/www.lmk-energy.fr\/nos-produits\/le-biocoal\/","url":"https:\/\/www.lmk-energy.fr\/nos-produits\/le-biocoal\/","name":"Biomass torr\u00e9fi\u00e9e BioCal | Combustible \u00e9cologique pour industrie lourde","isPartOf":{"@id":"https:\/\/www.lmk-energy.fr\/#website"},"datePublished":"2016-06-30T09:45:34+00:00","dateModified":"2018-02-26T07:54:56+00:00","description":"The torrefied biomass called BioCal is an environmentally friendly fuel. Alternative to coal, peat, wood pellet for heavy industries .","breadcrumb":{"@id":"https:\/\/www.lmk-energy.fr\/nos-produits\/le-biocoal\/#breadcrumb"},"inLanguage":"en-US","potentialAction":[{"@type":"ReadAction","target":["https:\/\/www.lmk-energy.fr\/nos-produits\/le-biocoal\/"]}]},{"@type":"BreadcrumbList","@id":"https:\/\/www.lmk-energy.fr\/nos-produits\/le-biocoal\/#breadcrumb","itemListElement":[{"@type":"ListItem","position":1,"name":"Accueil","item":"https:\/\/www.lmk-energy.fr\/"},{"@type":"ListItem","position":2,"name":"Nos produits","item":"https:\/\/www.lmk-energy.fr\/nos-produits\/"},{"@type":"ListItem","position":3,"name":"Le Pellet de bois torr\u00e9fi\u00e9"}]},{"@type":"WebSite","@id":"https:\/\/www.lmk-energy.fr\/#website","url":"https:\/\/www.lmk-energy.fr\/","name":"LMK Energy","description":"Producer and owner of biomass roasting technology","potentialAction":[{"@type":"SearchAction","target":{"@type":"EntryPoint","urlTemplate":"https:\/\/www.lmk-energy.fr\/?s={search_term_string}"},"query-input":"required name=search_term_string"}],"inLanguage":"en-US"}]}},"_links":{"self":[{"href":"https:\/\/www.lmk-energy.fr\/en\/wp-json\/wp\/v2\/pages\/247"}],"collection":[{"href":"https:\/\/www.lmk-energy.fr\/en\/wp-json\/wp\/v2\/pages"}],"about":[{"href":"https:\/\/www.lmk-energy.fr\/en\/wp-json\/wp\/v2\/types\/page"}],"author":[{"embeddable":true,"href":"https:\/\/www.lmk-energy.fr\/en\/wp-json\/wp\/v2\/users\/1"}],"replies":[{"embeddable":true,"href":"https:\/\/www.lmk-energy.fr\/en\/wp-json\/wp\/v2\/comments?post=247"}],"version-history":[{"count":8,"href":"https:\/\/www.lmk-energy.fr\/en\/wp-json\/wp\/v2\/pages\/247\/revisions"}],"predecessor-version":[{"id":436,"href":"https:\/\/www.lmk-energy.fr\/en\/wp-json\/wp\/v2\/pages\/247\/revisions\/436"}],"up":[{"embeddable":true,"href":"https:\/\/www.lmk-energy.fr\/en\/wp-json\/wp\/v2\/pages\/66"}],"wp:attachment":[{"href":"https:\/\/www.lmk-energy.fr\/en\/wp-json\/wp\/v2\/media?parent=247"}],"curies":[{"name":"wp","href":"https:\/\/api.w.org\/{rel}","templated":true}]}}